{"id":7,"date":"2024-08-31T10:07:16","date_gmt":"2024-08-31T10:07:16","guid":{"rendered":"https:\/\/pluess-law.ch\/?page_id=7"},"modified":"2026-03-04T09:59:58","modified_gmt":"2026-03-04T09:59:58","slug":"home","status":"publish","type":"page","link":"https:\/\/pluess-law.ch\/","title":{"rendered":"Home"},"content":{"rendered":"<div id=\"sp-page\" class=\"spBgcover sp-content-1\" style=\"background-color: rgb(255, 255, 255); font-family: 'Open Sans', sans-serif; font-weight: 400;\">\n<section id=\"sp-ri2v48\" data-mobile-visibility=\"#sp-ri2v48|false\" data-tablet-visibility=\"#sp-ri2v48|false\" data-desktop-visibility=\"#sp-ri2v48|false\" data-mobile-css=\"\" data-tablet-css=\"\" class=\"sp-el-section  spBgfull\" style=\"background-color: rgb(255, 255, 255); width: 100%; max-width: 100%; padding: 0px;\">\n<div><\/div>\n<div id=\"sp-f48337\" data-mobile-visibility=\"#sp-f48337|false\" data-tablet-visibility=\"#sp-f48337|false\" data-desktop-visibility=\"#sp-f48337|false\" data-mobile-css=\"\" data-tablet-css=\"\" class=\"sp-el-row sp-w-full  sp-m-auto sm:sp-flex sp-justify-between\" style=\"padding: 0px; width: auto; max-width: 1000px;\">\n<div id=\"sp-ocbipu\" data-mobile-visibility=\"#sp-ocbipu|false\" data-tablet-visibility=\"#sp-ocbipu|false\" data-desktop-visibility=\"#sp-ocbipu|false\" data-mobile-css=\"\" data-tablet-css=\"\" class=\"sp-el-col  sp-w-full\" style=\"width: calc(100% + 0px);\">\n<figure id=\"sp-oqos1b\" data-mobile-css=\"#sp-oqos1b|text-align:center;\" data-tablet-css=\"#sp-oqos1b|text-align:center;\" class=\"sp-image-wrapper sp-el-block\" style=\"margin: 0px; text-align: center;\">\n<div><span><img loading=\"lazy\" decoding=\"async\" src=\"https:\/\/pluess-law.ch\/wp-content\/uploads\/2024\/08\/Logo_PL_blau_ohne-RA_ohne-background.png\" alt=\"\" width=\"2655\" height=\"953\" data-dynamic-tag=\"\" data-image-src=\"wpmedia\" data-mobile-visibility=\".sp-image-block-oqos1b|false\" data-tablet-visibility=\".sp-image-block-oqos1b|false\" data-desktop-visibility=\".sp-image-block-oqos1b|false\" srcset=\" https:\/\/pluess-law.ch\/wp-content\/uploads\/2024\/08\/Logo_PL_blau_ohne-RA_ohne-background-150x150.png 150w, https:\/\/pluess-law.ch\/wp-content\/uploads\/2024\/08\/Logo_PL_blau_ohne-RA_ohne-background-300x108.png 300w, https:\/\/pluess-law.ch\/wp-content\/uploads\/2024\/08\/Logo_PL_blau_ohne-RA_ohne-background-1024x368.png 1024w, https:\/\/pluess-law.ch\/wp-content\/uploads\/2024\/08\/Logo_PL_blau_ohne-RA_ohne-background.png 2655w\" class=\"sp-image-block-oqos1b custom-preview-class\" style=\"width: 240px;\"><\/span><\/div>\n<div id=\"sp-image-dynamic-tags-js-oqos1b\"><script>jQuery(function() { image_dynamic_tags('oqos1b' );});<\/script><\/div>\n<\/figure>\n<figure id=\"sp-yrmuur\" data-mobile-css=\"#sp-yrmuur|text-align:center;\" data-tablet-css=\"#sp-yrmuur|text-align:center;\" class=\"sp-image-wrapper sp-el-block\" style=\"margin: 0px; text-align: center;\">\n<div><span><img loading=\"lazy\" decoding=\"async\" src=\"https:\/\/pluess-law.ch\/wp-content\/uploads\/2025\/12\/Header-neu_3.png\" alt=\"\" width=\"1920\" height=\"800\" data-dynamic-tag=\"\" data-image-src=\"wpmedia\" data-mobile-visibility=\".sp-image-block-yrmuur|true\" data-tablet-visibility=\".sp-image-block-yrmuur|false\" data-desktop-visibility=\".sp-image-block-yrmuur|false\" srcset=\" https:\/\/pluess-law.ch\/wp-content\/uploads\/2025\/12\/Header-neu_3-150x150.png 150w, https:\/\/pluess-law.ch\/wp-content\/uploads\/2025\/12\/Header-neu_3-300x125.png 300w, https:\/\/pluess-law.ch\/wp-content\/uploads\/2025\/12\/Header-neu_3-1024x427.png 1024w, https:\/\/pluess-law.ch\/wp-content\/uploads\/2025\/12\/Header-neu_3.png 1920w\" class=\"sp-image-block-yrmuur custom-preview-class\" style=\"width: 1920px;\"><\/span><\/div>\n<div id=\"sp-image-dynamic-tags-js-yrmuur\"><script>jQuery(function() { image_dynamic_tags('yrmuur' );});<\/script><\/div>\n<\/figure>\n<\/div>\n<\/div>\n<\/section>\n<section id=\"sp-nvqo7g\" data-mobile-visibility=\"#sp-nvqo7g|false\" data-tablet-visibility=\"#sp-nvqo7g|false\" data-desktop-visibility=\"#sp-nvqo7g|false\" data-mobile-css=\"\" data-tablet-css=\"\" class=\"sp-el-section \" style=\"width: 100%; max-width: 100%; padding: 10px; margin-top: 0px;\">\n<div><\/div>\n<div id=\"sp-ct660e\" data-mobile-visibility=\"#sp-ct660e|false\" data-tablet-visibility=\"#sp-ct660e|false\" data-desktop-visibility=\"#sp-ct660e|false\" data-mobile-css=\"\" data-tablet-css=\"\" class=\"sp-el-row sp-w-full  sp-m-auto sm:sp-flex sp-justify-between\">\n<div id=\"sp-j18f18\" data-mobile-visibility=\"#sp-j18f18|false\" data-tablet-visibility=\"#sp-j18f18|false\" data-desktop-visibility=\"#sp-j18f18|false\" data-mobile-css=\"\" data-tablet-css=\"\" class=\"sp-el-col  sp-w-full\" style=\"width: calc(100% + 0px);\"><span href=\"\" target=\"\" rel=\"\" class=\"sp-header-block-link\" style=\"text-decoration: none;\"><\/p>\n<h1 id=\"sp-nuqhb1\" data-mobile-css=\".sp-headline-block-nuqhb1, #sp-nuqhb1, #nuqhb1|text-align:center;\" data-tablet-css=\".sp-headline-block-nuqhb1, #sp-nuqhb1, #nuqhb1|text-align:center;\" data-mobile-visibility=\".sp-headline-block-nuqhb1|true\" data-tablet-visibility=\".sp-headline-block-nuqhb1|false\" data-desktop-visibility=\".sp-headline-block-nuqhb1|false\" class=\"sp-css-target sp-el-block sp-headline-block-nuqhb1 sp-type-header\" style=\"text-align: left; margin: 0px;\">Pl\u00fcss Law ist seit dem 31. Dezember 2025 Geschichte &#8230;<\/h1>\n<p><\/span><\/div>\n<\/div>\n<div id=\"sp-pt968e\" data-mobile-visibility=\"#sp-pt968e|false\" data-tablet-visibility=\"#sp-pt968e|false\" data-desktop-visibility=\"#sp-pt968e|false\" data-mobile-css=\"\" data-tablet-css=\"\" class=\"sp-el-row sp-w-full  sp-m-auto sm:sp-flex sp-justify-between\">\n<div id=\"sp-m5te06\" data-mobile-visibility=\"#sp-m5te06|false\" data-tablet-visibility=\"#sp-m5te06|false\" data-desktop-visibility=\"#sp-m5te06|false\" data-mobile-css=\"\" data-tablet-css=\"\" class=\"sp-el-col  sp-w-full\" style=\"width: calc(100% + 0px);\">\n<div id=\"sp-aipysy\" data-mobile-css=\".sp-text-wrapper-aipysy, #sp-aipysy, #aipysy|text-align:left;\" data-tablet-css=\".sp-text-wrapper-aipysy, #sp-aipysy, #aipysy|text-align:left;\" data-mobile-visibility=\".sp-text-wrapper-aipysy|false\" data-tablet-visibility=\".sp-text-wrapper-aipysy|false\" data-desktop-visibility=\".sp-text-wrapper-aipysy|false\" class=\"sp-css-target sp-text-wrapper sp-el-block sp-text-block-style sp-text-wrapper-aipysy\" style=\"margin: 0px; text-align: left;\">\n<p>Pl\u00fcss Law bietet keine rechtlichen Beratungen und juristischen Dienstleistungen mehr an. Seit dem 1. Januar 2026 fokussiere ich mich auf die T\u00e4tigkeit mit der Wortspalterei GmbH.<\/p>\n<\/div>\n<div id=\"sp-button-parent-swkw07\" data-mobile-css=\"#sp-button-parent-swkw07|text-align:center;\" data-tablet-css=\"#sp-button-parent-swkw07|text-align:center;\" class=\"sp-button-wrapper sp-el-block\" style=\"margin: 0px; text-align: center;\"><a href=\"https:\/\/wortspalterei.ch\/\" id=\"sp-swkw07\" data-mobile-css=\"\" data-tablet-css=\"\" data-mobile-visibility=\".sp-button-swkw07|false\" data-tablet-visibility=\".sp-button-swkw07|false\" data-desktop-visibility=\".sp-button-swkw07|false\" target=\"_blank\" rel=\"\" class=\"sp-button sp-css-target sp-text-center sp-inline-block sp-leading-none sp-button-swkw07\" style=\"font-size: 16px; background: rgb(255, 255, 255); color: rgb(0, 0, 0); width: auto; padding: 12px 16px; border-radius: 100px; border: 4px solid rgb(44, 36, 111);\"><span><span style=\"color: #22283b;\">ZUR WORTSPALTEREI GMBH<\/span><\/span><\/a><\/div>\n<p><span href=\"\" target=\"\" rel=\"\" class=\"sp-header-block-link\" style=\"text-decoration: none;\"><\/p>\n<h3 id=\"sp-xi5pi0\" data-mobile-css=\".sp-headline-block-xi5pi0, #sp-xi5pi0, #xi5pi0|text-align:center;\" data-tablet-css=\".sp-headline-block-xi5pi0, #sp-xi5pi0, #xi5pi0|text-align:center;\" data-mobile-visibility=\".sp-headline-block-xi5pi0|false\" data-tablet-visibility=\".sp-headline-block-xi5pi0|false\" data-desktop-visibility=\".sp-headline-block-xi5pi0|false\" class=\"sp-css-target sp-el-block sp-headline-block-xi5pi0 sp-type-header\" style=\"text-align: left; margin: 0px;\">Juristisches Lektorat<\/h3>\n<p><\/span><\/p>\n<div id=\"sp-eq1pi3\" data-mobile-css=\".sp-text-wrapper-eq1pi3, #sp-eq1pi3, #eq1pi3|text-align:left;\" data-tablet-css=\".sp-text-wrapper-eq1pi3, #sp-eq1pi3, #eq1pi3|text-align:left;\" data-mobile-visibility=\".sp-text-wrapper-eq1pi3|false\" data-tablet-visibility=\".sp-text-wrapper-eq1pi3|false\" data-desktop-visibility=\".sp-text-wrapper-eq1pi3|false\" class=\"sp-css-target sp-text-wrapper sp-el-block sp-text-block-style sp-text-wrapper-eq1pi3\" style=\"margin: 0px; text-align: left;\">\n<p>Tippfehler, falsch gesetzte Satzzeichen und missratene Konjugationen: Diese zu korrigieren, ist ein guter Anfang. Schlussendlich soll ein Text sich aber auch fl\u00fcssig lesen, verst\u00e4ndlich und in sich logisch sein. Und erst noch juristisch richtig.<\/p>\n<p>Hier hilft eine Lektorin, die mit der Rechtssprache als Fachsprache bestens vertraut ist.<\/p>\n<p><em>\u00abSchreiben ist leicht, man muss nur die falschen Worte weglassen.\u00bb <\/em>\u2014 MARC TWAIN<\/p>\n<\/div>\n<div id=\"sp-button-parent-rouz5q\" data-mobile-css=\"#sp-button-parent-rouz5q|text-align:center;\" data-tablet-css=\"#sp-button-parent-rouz5q|text-align:center;\" class=\"sp-button-wrapper sp-el-block\" style=\"margin: 0px; text-align: center;\"><a href=\"https:\/\/wortspalterei.com\/\" id=\"sp-rouz5q\" data-mobile-css=\"\" data-tablet-css=\"\" data-mobile-visibility=\".sp-button-rouz5q|false\" data-tablet-visibility=\".sp-button-rouz5q|false\" data-desktop-visibility=\".sp-button-rouz5q|false\" target=\"_blank\" rel=\"\" class=\"sp-button sp-css-target sp-text-center sp-inline-block sp-leading-none sp-button-rouz5q\" style=\"font-size: 16px; background: rgb(255, 255, 255); color: rgb(0, 0, 0); width: auto; padding: 12px 16px; border-radius: 100px; border: 4px solid rgb(44, 36, 111);\"><span><span style=\"color: #22283b;\">ZUM LEKTORATSANGEBOT<\/span><\/span><\/a><\/div>\n<\/div>\n<\/div>\n<\/section>\n<section id=\"sp-t4hs6h\" data-mobile-visibility=\"#sp-t4hs6h|false\" data-tablet-visibility=\"#sp-t4hs6h|false\" data-desktop-visibility=\"#sp-t4hs6h|false\" data-mobile-css=\"\" data-tablet-css=\"\" class=\"sp-el-section \" style=\"background-color: rgba(204, 204, 204, 0.26); width: 100%; max-width: 100%; padding: 10px; margin-top: 0px;\">\n<div><\/div>\n<div id=\"sp-jzvzxn\" data-mobile-visibility=\"#sp-jzvzxn|false\" data-tablet-visibility=\"#sp-jzvzxn|false\" data-desktop-visibility=\"#sp-jzvzxn|false\" data-mobile-css=\"\" data-tablet-css=\"\" class=\"sp-el-row sp-w-full  sp-m-auto sm:sp-flex sp-justify-between\">\n<div id=\"sp-floeml\" data-mobile-visibility=\"#sp-floeml|false\" data-tablet-visibility=\"#sp-floeml|false\" data-desktop-visibility=\"#sp-floeml|false\" data-mobile-css=\"\" data-tablet-css=\"\" class=\"sp-el-col  sp-w-full\" style=\"width: calc(100% + 0px);\"><span href=\"\" target=\"\" rel=\"\" class=\"sp-header-block-link\" style=\"text-decoration: none;\"><\/p>\n<h1 id=\"sp-jcfcpm\" data-mobile-css=\".sp-headline-block-jcfcpm, #sp-jcfcpm, #jcfcpm|text-align:center;\" data-tablet-css=\".sp-headline-block-jcfcpm, #sp-jcfcpm, #jcfcpm|text-align:center;\" data-mobile-visibility=\".sp-headline-block-jcfcpm|false\" data-tablet-visibility=\".sp-headline-block-jcfcpm|false\" data-desktop-visibility=\".sp-headline-block-jcfcpm|false\" class=\"sp-css-target sp-el-block sp-headline-block-jcfcpm sp-type-header\" style=\"text-align: left; margin: 0px;\">Falls du doch etwas \u00fcber mich wissen willst:<\/h1>\n<p><\/span><span href=\"\" target=\"\" rel=\"\" class=\"sp-header-block-link\" style=\"text-decoration: none;\"><\/p>\n<h4 id=\"sp-d4y2jv\" data-mobile-css=\".sp-headline-block-d4y2jv, #sp-d4y2jv, #d4y2jv|text-align:center;\" data-tablet-css=\".sp-headline-block-d4y2jv, #sp-d4y2jv, #d4y2jv|text-align:center;\" data-mobile-visibility=\".sp-headline-block-d4y2jv|false\" data-tablet-visibility=\".sp-headline-block-d4y2jv|false\" data-desktop-visibility=\".sp-headline-block-d4y2jv|false\" class=\"sp-css-target sp-el-block sp-headline-block-d4y2jv sp-type-header\" style=\"text-align: left; margin: 0px;\">Dr. iur. Martina Pl\u00fcss, Rechtsanw\u00e4ltin<\/h4>\n<p><\/span><\/div>\n<\/div>\n<div id=\"sp-vfbpet\" data-mobile-visibility=\"#sp-vfbpet|false\" data-tablet-visibility=\"#sp-vfbpet|false\" data-desktop-visibility=\"#sp-vfbpet|false\" data-mobile-css=\"\" data-tablet-css=\"\" class=\"sp-el-row sp-w-full  sp-m-auto sm:sp-flex sp-justify-between\">\n<div id=\"sp-iqm13v\" data-mobile-visibility=\"#sp-iqm13v|false\" data-tablet-visibility=\"#sp-iqm13v|false\" data-desktop-visibility=\"#sp-iqm13v|false\" data-mobile-css=\"\" data-tablet-css=\"\" class=\"sp-el-col  sp-w-full\" style=\"width: calc(65% + 0px);\">\n<figure id=\"sp-qo07g6\" data-mobile-css=\"#sp-qo07g6|text-align:center;\" data-tablet-css=\"#sp-qo07g6|text-align:center;\" class=\"sp-image-wrapper sp-el-block\" style=\"margin: 0px; text-align: center;\">\n<div><span><img loading=\"lazy\" decoding=\"async\" src=\"https:\/\/pluess-law.ch\/wp-content\/uploads\/2025\/12\/Bild-See_2.png\" alt=\"\" width=\"1248\" height=\"832\" data-dynamic-tag=\"\" data-image-src=\"wpmedia\" data-mobile-visibility=\".sp-image-block-qo07g6|false\" data-tablet-visibility=\".sp-image-block-qo07g6|false\" data-desktop-visibility=\".sp-image-block-qo07g6|false\" srcset=\" https:\/\/pluess-law.ch\/wp-content\/uploads\/2025\/12\/Bild-See_2-150x150.png 150w, https:\/\/pluess-law.ch\/wp-content\/uploads\/2025\/12\/Bild-See_2-300x200.png 300w, https:\/\/pluess-law.ch\/wp-content\/uploads\/2025\/12\/Bild-See_2-1024x683.png 1024w, https:\/\/pluess-law.ch\/wp-content\/uploads\/2025\/12\/Bild-See_2.png 1248w\" class=\"sp-image-block-qo07g6 custom-preview-class\" style=\"width: 1248px;\"><\/span><\/div>\n<div id=\"sp-image-dynamic-tags-js-qo07g6\"><script>jQuery(function() { image_dynamic_tags('qo07g6' );});<\/script><\/div>\n<\/figure>\n<div id=\"sp-t8fym5\" data-mobile-css=\".sp-text-wrapper-t8fym5, #sp-t8fym5, #t8fym5|text-align:left;\" data-tablet-css=\".sp-text-wrapper-t8fym5, #sp-t8fym5, #t8fym5|text-align:left;\" data-mobile-visibility=\".sp-text-wrapper-t8fym5|false\" data-tablet-visibility=\".sp-text-wrapper-t8fym5|false\" data-desktop-visibility=\".sp-text-wrapper-t8fym5|false\" class=\"sp-css-target sp-text-wrapper sp-el-block sp-text-block-style sp-text-wrapper-t8fym5\" style=\"margin: 0px; text-align: left;\">\n<ul>\n<li>Selbst\u00e4ndige T\u00e4tigkeit als Lektorin + Korrektorin (seit 2012)<\/li>\n<li>Produktmanagerin Verlag bei Weblaw AG, zust\u00e4ndig f\u00fcr Jusletter und dRSK (2024\u20132025)<\/li>\n<li>Selbst\u00e4ndige T\u00e4tigkeit als Rechtsanw\u00e4ltin + Notarin (2020\u20132023)<\/li>\n<li>Associate bei B\u00e4r &amp; Karrer AG, Zug (2018\u20132019)<\/li>\n<li>Anwalts- und Notariatspatent des Kantons Zug (2018)<\/li>\n<li>Dr. iur., Universit\u00e4t Luzern (2017)<\/li>\n<li>Substitutin bei SwissLegal HPLAW ZUG (2016\u20132017)<\/li>\n<li>Auditorin am Kantonsgericht Zug (2015)<\/li>\n<li>Wissenschaftliche Assistentin am Lehrstuhl fu\u0308r Rechtsgeschichte, juristische Zeitgeschichte und Rechtstheorie von PD Dr. iur. Thomas Henne (2014\u20132015)<\/li>\n<li>MLaw, Universit\u00e4t Luzern (2013)<\/li>\n<li>Assistentin in einer international ausgerichteten Kanzlei in Z\u00fcrich (2008\u20132012)<\/li>\n<\/ul>\n<\/div>\n<\/div>\n<\/div>\n<\/section>\n<section id=\"sp-y6brk3\" data-mobile-visibility=\"#sp-y6brk3|false\" data-tablet-visibility=\"#sp-y6brk3|false\" data-desktop-visibility=\"#sp-y6brk3|false\" data-mobile-css=\"\" data-tablet-css=\"\" class=\"sp-el-section \" style=\"width: 100%; max-width: 100%; padding: 10px; margin-top: 0px;\">\n<div><\/div>\n<div id=\"sp-jn998b\" data-mobile-visibility=\"#sp-jn998b|false\" data-tablet-visibility=\"#sp-jn998b|false\" data-desktop-visibility=\"#sp-jn998b|false\" data-mobile-css=\"\" data-tablet-css=\"\" class=\"sp-el-row sp-w-full  sp-m-auto sm:sp-flex sp-justify-between\">\n<div id=\"sp-t4f720\" data-mobile-visibility=\"#sp-t4f720|false\" data-tablet-visibility=\"#sp-t4f720|false\" data-desktop-visibility=\"#sp-t4f720|false\" data-mobile-css=\"\" data-tablet-css=\"\" class=\"sp-el-col  sp-w-full\" style=\"width: calc(50% + 0px);\"><span href=\"\" target=\"\" rel=\"\" class=\"sp-header-block-link\" style=\"text-decoration: none;\"><\/p>\n<h1 id=\"sp-tln523\" data-mobile-css=\".sp-headline-block-tln523, #sp-tln523, #tln523|text-align:center;\" data-tablet-css=\".sp-headline-block-tln523, #sp-tln523, #tln523|text-align:center;\" data-mobile-visibility=\".sp-headline-block-tln523|false\" data-tablet-visibility=\".sp-headline-block-tln523|false\" data-desktop-visibility=\".sp-headline-block-tln523|false\" class=\"sp-css-target sp-el-block sp-headline-block-tln523 sp-type-header\" style=\"font-size: 16px; text-align: center; margin: 0px;\">(Juristisches) Lektorat, Korrektorat, Textredaktion<\/h1>\n<p><\/span><\/p>\n<div id=\"sp-button-parent-aajv5w\" data-mobile-css=\"#sp-button-parent-aajv5w|text-align:center;\" data-tablet-css=\"#sp-button-parent-aajv5w|text-align:center;\" class=\"sp-button-wrapper sp-el-block\" style=\"margin: 0px; text-align: center;\"><a href=\"https:\/\/wortspalterei.com\/\" id=\"sp-aajv5w\" data-mobile-css=\"\" data-tablet-css=\"\" data-mobile-visibility=\".sp-button-aajv5w|false\" data-tablet-visibility=\".sp-button-aajv5w|false\" data-desktop-visibility=\".sp-button-aajv5w|false\" target=\"_blank\" rel=\"\" class=\"sp-button sp-css-target sp-text-center sp-inline-block sp-leading-none sp-button-aajv5w\" style=\"font-size: 16px; background: rgb(255, 255, 255); color: rgb(0, 0, 0); width: auto; padding: 12px 16px; border-radius: 100px; border: 4px solid rgb(44, 36, 111);\"><span><span style=\"color: #22283b;\">WORTSPALTEREI GMBH<\/span><\/span><\/a><\/div>\n<\/div>\n<div id=\"sp-x4xc0s\" data-mobile-visibility=\"#sp-x4xc0s|false\" data-tablet-visibility=\"#sp-x4xc0s|false\" data-desktop-visibility=\"#sp-x4xc0s|false\" data-mobile-css=\"\" data-tablet-css=\"\" class=\"sp-el-col  sp-w-full\" style=\"width: calc(50% + 0px);\"><span href=\"\" target=\"\" rel=\"\" class=\"sp-header-block-link\" style=\"text-decoration: none;\"><\/p>\n<h1 id=\"sp-t9eofm\" data-mobile-css=\".sp-headline-block-t9eofm, #sp-t9eofm, #t9eofm|text-align:center;\" data-tablet-css=\".sp-headline-block-t9eofm, #sp-t9eofm, #t9eofm|text-align:center;\" data-mobile-visibility=\".sp-headline-block-t9eofm|false\" data-tablet-visibility=\".sp-headline-block-t9eofm|false\" data-desktop-visibility=\".sp-headline-block-t9eofm|false\" class=\"sp-css-target sp-el-block sp-headline-block-t9eofm sp-type-header\" style=\"font-size: 16px; text-align: center; margin: 0px;\">Orientierung im Zitierdschungel (f\u00fcr Juristinnen und Juristen)<\/h1>\n<p><\/span><\/p>\n<div id=\"sp-button-parent-h0vvkw\" data-mobile-css=\"#sp-button-parent-h0vvkw|text-align:center;\" data-tablet-css=\"#sp-button-parent-h0vvkw|text-align:center;\" class=\"sp-button-wrapper sp-el-block\" style=\"margin: 0px; text-align: center;\"><a href=\"https:\/\/zitierlex.legalwriting.ch\" id=\"sp-h0vvkw\" data-mobile-css=\"\" data-tablet-css=\"\" data-mobile-visibility=\".sp-button-h0vvkw|false\" data-tablet-visibility=\".sp-button-h0vvkw|false\" data-desktop-visibility=\".sp-button-h0vvkw|false\" target=\"_blank\" rel=\"\" class=\"sp-button sp-css-target sp-text-center sp-inline-block sp-leading-none sp-button-h0vvkw\" style=\"font-size: 16px; background: rgb(255, 255, 255); color: rgb(0, 0, 0); width: auto; padding: 12px 16px; border-radius: 100px; border: 4px solid rgb(44, 36, 111);\"><span><span style=\"color: #22283b;\">ZITIERLEX<\/span><\/span><\/a><\/div>\n<\/div>\n<\/div>\n<div id=\"sp-lsjng2\" data-mobile-visibility=\"#sp-lsjng2|false\" data-tablet-visibility=\"#sp-lsjng2|false\" data-desktop-visibility=\"#sp-lsjng2|false\" data-mobile-css=\"\" data-tablet-css=\"\" class=\"sp-el-row sp-w-full  sp-m-auto sm:sp-flex sp-justify-between\">\n<div id=\"sp-mnxz5l\" data-mobile-visibility=\"#sp-mnxz5l|false\" data-tablet-visibility=\"#sp-mnxz5l|false\" data-desktop-visibility=\"#sp-mnxz5l|false\" data-mobile-css=\"\" data-tablet-css=\"\" class=\"sp-el-col  sp-w-full\" style=\"width: calc(100% + 0px);\"><span href=\"\" target=\"\" rel=\"\" class=\"sp-header-block-link\" style=\"text-decoration: none;\"><\/p>\n<h1 id=\"sp-kqwnue\" data-mobile-css=\".sp-headline-block-kqwnue, #sp-kqwnue, #kqwnue|text-align:center;\" data-tablet-css=\".sp-headline-block-kqwnue, #sp-kqwnue, #kqwnue|text-align:center;\" data-mobile-visibility=\".sp-headline-block-kqwnue|false\" data-tablet-visibility=\".sp-headline-block-kqwnue|false\" data-desktop-visibility=\".sp-headline-block-kqwnue|false\" class=\"sp-css-target sp-el-block sp-headline-block-kqwnue sp-type-header\" style=\"text-align: center; margin: 0px;\">Kontakt<\/h1>\n<p><\/span><\/div>\n<\/div>\n<div id=\"sp-jjmfhp\" data-mobile-visibility=\"#sp-jjmfhp|false\" data-tablet-visibility=\"#sp-jjmfhp|false\" data-desktop-visibility=\"#sp-jjmfhp|false\" data-mobile-css=\"\" data-tablet-css=\"\" class=\"sp-el-row sp-w-full  sp-m-auto sm:sp-flex sp-justify-between\">\n<div id=\"sp-h1kui1\" data-mobile-visibility=\"#sp-h1kui1|false\" data-tablet-visibility=\"#sp-h1kui1|false\" data-desktop-visibility=\"#sp-h1kui1|false\" data-mobile-css=\"\" data-tablet-css=\"\" class=\"sp-el-col  sp-w-full\" style=\"width: calc(100% + 0px);\">\n<div id=\"jagw7z\" data-mobile-css=\".sp-text-wrapper-jagw7z, #sp-jagw7z, #jagw7z|text-align:left;\" data-tablet-css=\".sp-text-wrapper-jagw7z, #sp-jagw7z, #jagw7z|text-align:left;\" data-mobile-visibility=\".sp-text-wrapper-jagw7z|false\" data-tablet-visibility=\".sp-text-wrapper-jagw7z|false\" data-desktop-visibility=\".sp-text-wrapper-jagw7z|false\" class=\"sp-css-target sp-text-wrapper sp-el-block sp-text-block-style sp-text-wrapper-jagw7z mce-content-body html4-captions\" style=\"margin: 0px; text-align: center; position: relative;\"  >\n<h3>Wortspalterei GmbH<\/h3>\n<p>c\/o Martina Pl\u00fcss<\/p>\n<p>Stettfurterstrasse 18 | CH-9548 Matzingen<br \/>E-Mail:&nbsp;<a href=\"mailto:info@wortspalterei.ch\" data-mce-href=\"mailto:info@wortspalterei.ch\">info@wortspalterei.ch<\/a><\/p>\n<\/div>\n<div id=\"sp-wviy4q\" data-mobile-visibility=\".sp-divider-block-wviy4q|false\" data-tablet-visibility=\".sp-divider-block-wviy4q|false\" data-desktop-visibility=\".sp-divider-block-wviy4q|false\" data-mobile-css=\"#sp-wviy4q .sp-divider-text-block .sp-divider-text, #sp-wviy4q|justify-content:center;padding:10px 0px 10px 0px ;\" data-tablet-css=\"#sp-wviy4q .sp-divider-text-block .sp-divider-text, #sp-wviy4q|justify-content:center;padding:10px 0px 10px 0px ;\" class=\"sp-divider-wrapper sp-flex sp-el-block sp-divider-block-wviy4q\" style=\"margin: 0px; justify-content: center; padding: 10px 0px;\">\n<style type=\"text\/css\">\n    #sp-wviy4q .sp-divider-separator::after , #sp-wviy4q .sp-divider-separator::before  {content:\"\"}\n    #sp-wviy4q .sp-divider .sp-divider-separator::after , #sp-wviy4q .sp-divider .sp-divider-separator::before {display:block;border-top:1px solid #2C246F}\n    #sp-wviy4q .sp-divider .sp-divider-text-block .sp-divider-text \n    {color:#2C246F}\n    #sp-wviy4q .sp-divider .sp-divider-text-block.sp-divider-icon-block \n    {color:#2C246F}\n  <\/style>\n<div class=\"sp-divider sp-flex\" style=\"width: 90%; border-top: 1px solid rgb(44, 36, 111);\"><\/div>\n<\/div>\n<\/div>\n<\/div>\n<\/section>\n<\/div>\n","protected":false},"excerpt":{"rendered":"<p>Pl\u00fcss Law ist seit dem 31. Dezember 2025 Geschichte &#8230; Pl\u00fcss Law bietet keine rechtlichen Beratungen und juristischen Dienstleistungen mehr an. Seit dem 1. Januar 2026 fokussiere ich mich auf die T\u00e4tigkeit mit der Wortspalterei GmbH. ZUR WORTSPALTEREI GMBH Juristisches Lektorat Tippfehler, falsch gesetzte Satzzeichen und missratene Konjugationen: Diese zu korrigieren, ist ein guter Anfang. [&hellip;]<\/p>\n","protected":false},"author":1,"featured_media":0,"parent":0,"menu_order":0,"comment_status":"closed","ping_status":"closed","template":"","meta":{"om_disable_all_campaigns":false,"_monsterinsights_skip_tracking":false,"_monsterinsights_sitenote_active":false,"_monsterinsights_sitenote_note":"","_monsterinsights_sitenote_category":0,"footnotes":""},"class_list":["post-7","page","type-page","status-publish","hentry"],"aioseo_notices":[],"_links":{"self":[{"href":"https:\/\/pluess-law.ch\/index.php?rest_route=\/wp\/v2\/pages\/7","targetHints":{"allow":["GET"]}}],"collection":[{"href":"https:\/\/pluess-law.ch\/index.php?rest_route=\/wp\/v2\/pages"}],"about":[{"href":"https:\/\/pluess-law.ch\/index.php?rest_route=\/wp\/v2\/types\/page"}],"author":[{"embeddable":true,"href":"https:\/\/pluess-law.ch\/index.php?rest_route=\/wp\/v2\/users\/1"}],"replies":[{"embeddable":true,"href":"https:\/\/pluess-law.ch\/index.php?rest_route=%2Fwp%2Fv2%2Fcomments&post=7"}],"version-history":[{"count":48,"href":"https:\/\/pluess-law.ch\/index.php?rest_route=\/wp\/v2\/pages\/7\/revisions"}],"predecessor-version":[{"id":109,"href":"https:\/\/pluess-law.ch\/index.php?rest_route=\/wp\/v2\/pages\/7\/revisions\/109"}],"wp:attachment":[{"href":"https:\/\/pluess-law.ch\/index.php?rest_route=%2Fwp%2Fv2%2Fmedia&parent=7"}],"curies":[{"name":"wp","href":"https:\/\/api.w.org\/{rel}","templated":true}]}}